{"id":168,"date":"2022-02-23T22:35:00","date_gmt":"2022-02-23T22:35:00","guid":{"rendered":"http:\/\/cemert.gob.mx\/?page_id=168"},"modified":"2022-09-09T16:18:45","modified_gmt":"2022-09-09T16:18:45","slug":"mision-y-vision","status":"publish","type":"page","link":"https:\/\/cemert.gob.mx\/?page_id=168","title":{"rendered":"Misi\u00f3n y Visi\u00f3n"},"content":{"rendered":"<p>Misi\u00f3n<\/p>\n<p>Impulsar la pol\u00edtica de mejora regulatoria en el estado, as\u00ed como promover la transparencia, la simplificaci\u00f3n de tr\u00e1mites y servicios mediante la implementaci\u00f3n de herramientas tecnol\u00f3gicas procurando que \u00e9stas generen mayores beneficios que costos y el m\u00e1ximo beneficio para la sociedad.<\/p>\n<p>Visi\u00f3n<\/p>\n<p>Ser una comisi\u00f3n reconocida en el \u00e1mbito local y nacional, eficiente e innovadora, que promueve la competitividad de la econom\u00eda y el desarrollo econ\u00f3mico en el \u00e1mbito de sus atribuciones, a trav\u00e9s del an\u00e1lisis regulatorio, la mejora regulatoria, la disminuci\u00f3n de costos regulatorios, el gobierno electr\u00f3nico y la simplificaci\u00f3n de tr\u00e1mites, en beneficio de las instituciones, las empresas y la ciudadan\u00eda en general para posicionar a Tlaxcala en el lugar que merece estar.\u00a0<\/p>\n<p><!-- {\"name\":\"\",\"type\":\"layout\",\"children\":[{\"name\":\"\",\"type\":\"section\",\"props\":{\"style\":\"default\",\"width\":\"default\",\"vertical_align\":\"middle\",\"title_position\":\"top-left\",\"title_rotation\":\"left\",\"title_breakpoint\":\"xl\",\"image_position\":\"bottom-left\",\"text_color\":\"\",\"width_expand\":\"\",\"height\":\"\",\"padding\":\"large\",\"header_transparent\":\"\",\"animation\":\"\",\"image\":\"wp-content\\\/uploads\\\/6-scaled.jpg\",\"image_size\":\"cover\",\"image_effect\":\"parallax\",\"image_visibility\":\"\",\"media_blend_mode\":\"\",\"image_width\":\"2560\",\"image_height\":\"\",\"image_parallax_breakpoint\":\"\",\"image_parallax_bgx_start\":\"-90\",\"image_parallax_bgx_end\":\"160\",\"image_parallax_bgy_start\":\"-0\",\"padding_remove_top\":false,\"padding_remove_bottom\":false},\"children\":[{\"name\":\"\",\"type\":\"row\",\"props\":{\"layout\":\"1-1\",\"breakpoint\":\"m\",\"fixed_width\":\"large\",\"gutter\":\"\",\"width\":\"\",\"width_expand\":\"\",\"height\":\"\",\"margin\":\"remove-vertical\",\"match\":true},\"children\":[{\"name\":\"\",\"type\":\"column\",\"props\":{\"widths\":[\"1-1\"],\"image_position\":\"center-center\",\"media_overlay_gradient\":\"\",\"vertical_align\":\"\",\"style\":\"\",\"text_color\":\"\",\"padding\":\"\",\"image\":\"\",\"image_size\":\"cover\",\"image_effect\":\"\",\"image_visibility\":\"\",\"media_blend_mode\":\"\"}}]}]},{\"name\":\"\",\"type\":\"section\",\"props\":{\"style\":\"default\",\"width\":\"default\",\"vertical_align\":\"middle\",\"title_position\":\"top-left\",\"title_rotation\":\"left\",\"title_breakpoint\":\"xl\",\"image_position\":\"center-center\",\"text_color\":\"\",\"width_expand\":\"\",\"height\":\"\",\"padding\":\"\",\"header_transparent\":\"\",\"animation\":\"\"},\"children\":[{\"name\":\"\",\"type\":\"row\",\"props\":{\"layout\":\",\",\"breakpoint\":\"m\",\"fixed_width\":\"large\",\"gutter\":\"\",\"width\":\"\",\"width_expand\":\"\",\"height\":\"\",\"margin\":\"\"},\"children\":[{\"name\":\"\",\"type\":\"column\",\"props\":{\"widths\":[\"\"],\"image_position\":\"center-center\",\"media_overlay_gradient\":\"\",\"vertical_align\":\"\",\"style\":\"\",\"text_color\":\"\",\"padding\":\"\"},\"children\":[{\"name\":\"\",\"type\":\"headline\",\"props\":{\"title_element\":\"h1\",\"title_style\":\"\",\"title_decoration\":\"\",\"title_color\":\"\",\"text_align\":\"\",\"text_align_breakpoint\":\"\",\"text_align_fallback\":\"\",\"maxwidth\":\"\",\"maxwidth_align\":\"\",\"maxwidth_breakpoint\":\"\",\"margin\":\"\",\"animation\":\"\",\"visibility\":\"\",\"content\":\"Misi\\u00f3n\"}},{\"name\":\"\",\"type\":\"text\",\"props\":{\"margin\":\"default\",\"column_breakpoint\":\"m\",\"text_style\":\"\",\"text_color\":\"\",\"text_size\":\"\",\"column\":\"\",\"text_align\":\"justify\",\"text_align_breakpoint\":\"\",\"text_align_fallback\":\"\",\"maxwidth\":\"\",\"maxwidth_align\":\"\",\"maxwidth_breakpoint\":\"\",\"animation\":\"\",\"visibility\":\"\",\"content\":\"\n\n<p>Impulsar la pol\\u00edtica de mejora regulatoria en el estado, as\\u00ed como promover la transparencia, la simplificaci\\u00f3n de tr\\u00e1mites y servicios mediante la implementaci\\u00f3n de herramientas tecnol\\u00f3gicas procurando que \\u00e9stas generen mayores beneficios que costos y el m\\u00e1ximo beneficio para la sociedad.<\\\/p>\"}}]},{\"name\":\"\",\"type\":\"column\",\"props\":{\"widths\":[\"\"],\"image_position\":\"center-center\",\"media_overlay_gradient\":\"\",\"vertical_align\":\"\",\"style\":\"\",\"text_color\":\"\",\"padding\":\"\"},\"children\":[{\"name\":\"\",\"type\":\"headline\",\"props\":{\"title_element\":\"h1\",\"title_style\":\"\",\"title_decoration\":\"\",\"title_color\":\"\",\"text_align\":\"\",\"text_align_breakpoint\":\"\",\"text_align_fallback\":\"\",\"maxwidth\":\"\",\"maxwidth_align\":\"\",\"maxwidth_breakpoint\":\"\",\"margin\":\"\",\"animation\":\"\",\"visibility\":\"\",\"content\":\"Visi\\u00f3n\"}},{\"name\":\"\",\"type\":\"text\",\"props\":{\"margin\":\"default\",\"column_breakpoint\":\"m\",\"text_style\":\"\",\"text_color\":\"\",\"text_size\":\"\",\"column\":\"\",\"text_align\":\"justify\",\"text_align_breakpoint\":\"\",\"text_align_fallback\":\"\",\"maxwidth\":\"\",\"maxwidth_align\":\"\",\"maxwidth_breakpoint\":\"\",\"animation\":\"\",\"visibility\":\"\",\"content\":\"\n\n<p>Ser una comisi\\u00f3n reconocida en el \\u00e1mbito local y nacional, eficiente e innovadora, que promueve la competitividad de la econom\\u00eda y el desarrollo econ\\u00f3mico en el \\u00e1mbito de sus atribuciones, a trav\\u00e9s del an\\u00e1lisis regulatorio, la mejora regulatoria, la disminuci\\u00f3n de costos regulatorios, el gobierno electr\\u00f3nico y la simplificaci\\u00f3n de tr\\u00e1mites, en beneficio de las instituciones, las empresas y la ciudadan\\u00eda en general para posicionar a Tlaxcala en el lugar que merece estar.\\u00a0<\\\/p>\"}}]}]}]}]} --><\/p>\n","protected":false},"excerpt":{"rendered":"<p>Misi\u00f3n Impulsar la pol\u00edtica de mejora regulatoria en el estado, as\u00ed como promover la transparencia, la simplificaci\u00f3n de tr\u00e1mites y servicios mediante la implementaci\u00f3n de herramientas tecnol\u00f3gicas procurando que \u00e9stas generen mayores beneficios que costos y el m\u00e1ximo beneficio para la sociedad. Visi\u00f3n Ser una comisi\u00f3n reconocida en el \u00e1mbito local y nacional, eficiente e [&hellip;]<\/p>\n","protected":false},"author":1,"featured_media":0,"parent":0,"menu_order":0,"comment_status":"closed","ping_status":"closed","template":"","meta":[],"_links":{"self":[{"href":"https:\/\/cemert.gob.mx\/index.php?rest_route=\/wp\/v2\/pages\/168"}],"collection":[{"href":"https:\/\/cemert.gob.mx\/index.php?rest_route=\/wp\/v2\/pages"}],"about":[{"href":"https:\/\/cemert.gob.mx\/index.php?rest_route=\/wp\/v2\/types\/page"}],"author":[{"embeddable":true,"href":"https:\/\/cemert.gob.mx\/index.php?rest_route=\/wp\/v2\/users\/1"}],"replies":[{"embeddable":true,"href":"https:\/\/cemert.gob.mx\/index.php?rest_route=%2Fwp%2Fv2%2Fcomments&post=168"}],"version-history":[{"count":6,"href":"https:\/\/cemert.gob.mx\/index.php?rest_route=\/wp\/v2\/pages\/168\/revisions"}],"predecessor-version":[{"id":397,"href":"https:\/\/cemert.gob.mx\/index.php?rest_route=\/wp\/v2\/pages\/168\/revisions\/397"}],"wp:attachment":[{"href":"https:\/\/cemert.gob.mx\/index.php?rest_route=%2Fwp%2Fv2%2Fmedia&parent=168"}],"curies":[{"name":"wp","href":"https:\/\/api.w.org\/{rel}","templated":true}]}}