{"id":19,"date":"2018-08-07T14:10:37","date_gmt":"2018-08-07T14:10:37","guid":{"rendered":"http:\/\/localhost\/yootheme_pro\/2018\/vista\/Website_WP\/index.php\/home\/"},"modified":"2025-09-15T16:09:28","modified_gmt":"2025-09-15T16:09:28","slug":"home","status":"publish","type":"page","link":"https:\/\/cemert.gob.mx\/","title":{"rendered":"Home"},"content":{"rendered":"<p>Comisi\u00f3n de Mejora Regulatoria de Tlaxcala<\/p>\n<p>&#8220;Si pudi\u00e9ramos encontrar una herramienta que promueva la competitividad, la confianza ciudadana en el estado, la inclusi\u00f3n social y adem\u00e1s lograra que el gobierno hiciera m\u00e1s con menos, sin duda alguna esta ser\u00eda la mejora regulatoria.&#8221;<\/p>\n<\/p>\n<p>Firma Electr\u00f3nica Avanzada en procesos administrativos<\/p>\n<p>Usamos la tecnolog\u00eda para generar ahorros en recursos dentro de la Administraci\u00f3n P\u00fablica Estatal, proporcionando procesos de firmado de documentos PDF, validaci\u00f3n y almacenamiento.<\/p>\n<p>Leer m\u00e1s<\/p>\n<p>Tramitaci\u00f3n electr\u00f3nica para municipios<\/p>\n<p>Por medio de nuestra\u00a0infraestructura tecnol\u00f3gica realizamos simplificaci\u00f3n administrativa del ciclo del tramite, desde la Ventanilla \u00danica hasta la recepci\u00f3n del entregable con el ciudadano, en los procesos del Sistema de Apertura R\u00e1pida de Empresas (SARE) y la Ventanilla de Construcci\u00f3n (VECS).<\/p>\n<p>Leer m\u00e1s<\/p>\n<p>Centro Integral de Tr\u00e1mites y Servicios Electr\u00f3nicos, www.tlaxcalaenlinea.gob.mx<\/p>\n<p>680 fichas t\u00e9cnicas de tr\u00e1mites\u00a0informativos estatales<br \/>\n\u00a1todos los tr\u00e1mites en un solo lugar!\u00a0<\/p>\n<p>Ir al sitio<\/p>\n<p>Testimonios<\/p>\n<p>El tr\u00e1mite SARE electr\u00f3nico implementado por la CEMERT, nos ha permitido elevar la eficiencia en el proceso de expedicion de Licencias de funcionamiento a los ciudadanos, asi como mejorar la gestion de la informaci\u00f3n y seguimiento de los tr\u00e1mites<\/p>\n<p><!-- {\"name\":\"Home\",\"type\":\"layout\",\"children\":[{\"name\":\"\",\"type\":\"section\",\"props\":{\"style\":\"default\",\"width\":\"default\",\"vertical_align\":\"\",\"title_position\":\"top-left\",\"title_rotation\":\"left\",\"title_breakpoint\":\"xl\",\"image_position\":\"center-center\",\"text_color\":\"\",\"width_expand\":\"\",\"height\":\"section\",\"padding\":\"xlarge\",\"header_transparent\":\"light\",\"animation\":\"\",\"overlap\":true,\"video\":\"\",\"video_width\":\"\",\"video_height\":\"\",\"media_blend_mode\":\"\",\"padding_remove_top\":true,\"padding_remove_bottom\":true,\"preserve_color\":false,\"header_transparent_noplaceholder\":true,\"image\":\"wp-content\\\/uploads\\\/409452958_667908865523473_334242529680322508_n.jpg\",\"image_size\":\"cover\",\"image_effect\":\"parallax\",\"image_visibility\":\"\",\"image_parallax_breakpoint\":\"\",\"image_parallax_bgy_start\":\"600\"},\"children\":[{\"name\":\"\",\"type\":\"row\",\"props\":{\"layout\":\"1-1\",\"breakpoint\":\"m\",\"fixed_width\":\"large\",\"gutter\":\"small\",\"width\":\"default\",\"width_expand\":\"\",\"height\":\"\",\"margin\":\"\",\"margin_remove_top\":false,\"margin_remove_bottom\":false,\"match\":false},\"children\":[{\"name\":\"\",\"type\":\"column\",\"props\":{\"widths\":[\"1-1\"],\"image_position\":\"center-center\",\"media_overlay_gradient\":\"\",\"vertical_align\":\"bottom\",\"style\":\"\",\"text_color\":\"\",\"padding\":\"\"}}]}]},{\"name\":\"Hero\",\"type\":\"section\",\"props\":{\"style\":\"primary\",\"width\":\"default\",\"vertical_align\":\"middle\",\"title_position\":\"top-left\",\"title_rotation\":\"left\",\"title_breakpoint\":\"xl\",\"image_position\":\"bottom-center\",\"image\":\"\",\"header_transparent\":\"light\",\"header_transparent_noplaceholder\":true,\"height\":\"\",\"image_size\":\"cover\",\"image_width\":\"\",\"image_height\":\"\",\"animation\":\"slide-bottom-medium\",\"padding\":\"small\",\"overlap\":true,\"media_background\":null,\"image_effect\":\"\",\"image_parallax_bgy_start\":\"0\",\"title\":\"\",\"css\":\"\",\"padding_remove_bottom\":true,\"animation_delay\":true,\"text_color\":\"dark\",\"width_expand\":\"\",\"image_visibility\":\"\",\"media_blend_mode\":\"\",\"image_parallax_breakpoint\":\"\",\"image_parallax_bgx_start\":\"-600\",\"image_parallax_bgy_end\":\"0\",\"image_parallax_bgx_end\":\"600\",\"padding_remove_top\":false},\"children\":[{\"name\":\"\",\"type\":\"row\",\"props\":{\"fixed_width\":\"large\",\"breakpoint\":\"m\",\"layout\":\"1-1\",\"margin\":\"medium\",\"gutter\":\"\",\"vertical_align\":false,\"margin_remove_bottom\":true,\"margin_remove_top\":false},\"children\":[{\"name\":\"\",\"type\":\"column\",\"props\":{\"widths\":[\"1-1\"],\"image_position\":\"bottom-right\",\"text_color\":\"light\",\"image\":\"\",\"image_width\":\"220\",\"image_height\":\"220\",\"css\":\"\",\"image_effect\":\"\",\"image_parallax_bgy_start\":230},\"children\":[{\"name\":\"\",\"type\":\"headline\",\"props\":{\"title_element\":\"h1\",\"content\":\"Comisi\\u00f3n de Mejora Regulatoria de Tlaxcala\",\"text_align\":\"center\",\"title_style\":\"heading-primary\",\"title_color\":\"\",\"margin\":\"\",\"title_decoration\":\"\",\"text_align_breakpoint\":\"\",\"text_align_fallback\":\"\",\"maxwidth\":\"\",\"maxwidth_align\":\"\",\"maxwidth_breakpoint\":\"\",\"animation\":\"\",\"visibility\":\"\"}},{\"name\":\"\",\"type\":\"divider\",\"props\":{\"divider_element\":\"hr\",\"divider_style\":\"\",\"divider_align\":\"\",\"divider_align_breakpoint\":\"\",\"divider_align_fallback\":\"\",\"maxwidth\":\"\",\"maxwidth_align\":\"\",\"maxwidth_breakpoint\":\"\",\"margin\":\"\",\"animation\":\"\",\"visibility\":\"\"}},{\"name\":\"\",\"type\":\"text\",\"props\":{\"margin\":\"medium\",\"column_breakpoint\":\"m\",\"text_align\":\"center\",\"maxwidth\":\"xxlarge\",\"maxwidth_align\":\"center\",\"content\":\"\n\n<h3><em>\\\"Si pudi\\u00e9ramos encontrar una herramienta que promueva la competitividad, la confianza ciudadana en el estado, la inclusi\\u00f3n social y adem\\u00e1s lograra que el gobierno hiciera m\\u00e1s con menos, sin duda alguna esta ser\\u00eda la mejora regulatoria.\\\"<\\\/em><\\\/h3>\",\"text_color\":\"\",\"text_style\":\"\",\"text_size\":\"\",\"column\":\"\",\"text_align_breakpoint\":\"\",\"text_align_fallback\":\"\",\"maxwidth_breakpoint\":\"\",\"animation\":\"\",\"visibility\":\"\"}}]}]}]},{\"name\":\"\",\"type\":\"section\",\"props\":{\"style\":\"default\",\"width\":\"default\",\"vertical_align\":\"middle\",\"title_position\":\"top-left\",\"title_rotation\":\"left\",\"title_breakpoint\":\"xl\",\"image_position\":\"center-center\",\"text_color\":\"\",\"width_expand\":\"\",\"height\":\"\",\"padding\":\"\",\"header_transparent\":\"\",\"animation\":\"\"},\"children\":[{\"name\":\"\",\"type\":\"row\",\"props\":{\"layout\":\"1-1\",\"breakpoint\":\"m\",\"fixed_width\":\"large\",\"gutter\":\"\",\"width\":\"\",\"width_expand\":\"\",\"height\":\"\",\"margin\":\"\"},\"children\":[{\"name\":\"\",\"type\":\"column\",\"props\":{\"widths\":[\"1-1\"],\"image_position\":\"center-center\",\"media_overlay_gradient\":\"\",\"vertical_align\":\"\",\"style\":\"\",\"text_color\":\"\",\"padding\":\"\"},\"children\":[{\"name\":\"\",\"type\":\"divider\",\"props\":{\"divider_element\":\"hr\",\"divider_style\":\"\",\"divider_align\":\"\",\"divider_align_breakpoint\":\"\",\"divider_align_fallback\":\"\",\"maxwidth\":\"\",\"maxwidth_align\":\"\",\"maxwidth_breakpoint\":\"\",\"margin\":\"\",\"animation\":\"\",\"visibility\":\"\"}}]}]}]},{\"name\":\"\",\"type\":\"section\",\"props\":{\"style\":\"default\",\"width\":\"default\",\"vertical_align\":\"middle\",\"title_position\":\"top-left\",\"title_rotation\":\"left\",\"title_breakpoint\":\"xl\",\"image_position\":\"center-center\",\"text_color\":\"\",\"width_expand\":\"\",\"height\":\"\",\"padding\":\"small\",\"header_transparent\":\"\",\"animation\":\"\"},\"children\":[{\"name\":\"\",\"type\":\"row\",\"props\":{\"layout\":\",\",\"breakpoint\":\"m\",\"fixed_width\":\"large\",\"gutter\":\"\",\"width\":\"\",\"width_expand\":\"\",\"height\":\"\",\"margin\":\"\"},\"children\":[{\"name\":\"\",\"type\":\"column\",\"props\":{\"widths\":[\"\"],\"image_position\":\"center-center\",\"media_overlay_gradient\":\"\",\"vertical_align\":\"\",\"style\":\"\",\"text_color\":\"\",\"padding\":\"\"}},{\"name\":\"\",\"type\":\"column\",\"props\":{\"widths\":[\"\"],\"image_position\":\"center-center\",\"media_overlay_gradient\":\"\",\"vertical_align\":\"\",\"style\":\"\",\"text_color\":\"\",\"padding\":\"\"},\"children\":[{\"name\":\"\",\"type\":\"html\",\"props\":{\"content\":\"<iframe src=\\\"https:\\\/\\\/www.facebook.com\\\/plugins\\\/page.php?href=https%3A%2F%2Fwww.facebook.com%2FCEMERTLAX&tabs=timeline&width=600&height=1300&small_header=false&adapt_container_width=true&hide_cover=false&show_facepile=true&appId=1200369050110721\\\" width=\\\"600\\\" height=\\\"1300\\\" style=\\\"border:none;overflow:hidden\\\" scrolling=\\\"no\\\" frameborder=\\\"0\\\" allowfullscreen=\\\"true\\\" allow=\\\"autoplay; clipboard-write; encrypted-media; picture-in-picture; web-share\\\"><\\\/iframe>\"}}]}]}]},{\"name\":\"features\",\"type\":\"section\",\"props\":{\"style\":\"default\",\"width\":\"default\",\"vertical_align\":\"middle\",\"title_position\":\"top-left\",\"title_rotation\":\"left\",\"title_breakpoint\":\"xl\",\"image_position\":\"center-center\",\"padding\":\"small\",\"height\":\"\",\"padding_remove_top\":false,\"animation\":\"slide-bottom\",\"animation_delay\":true,\"id\":\"features\",\"width_expand\":\"\",\"header_transparent\":\"\"},\"children\":[{\"name\":\"\",\"type\":\"row\",\"props\":{\"fixed_width\":\"large\",\"breakpoint\":\"m\",\"layout\":\",\",\"vertical_align\":true,\"gutter\":\"large\",\"width\":\"default\",\"margin\":\"\",\"height\":\"\"},\"children\":[{\"name\":\"\",\"type\":\"column\",\"props\":{\"widths\":[\"\"],\"image_position\":\"center-left\",\"image\":\"wp-content\\\/uploads\\\/home-features-bg-01.svg\",\"image_width\":\"330\",\"image_height\":\"330\",\"image_effect\":\"parallax\",\"image_parallax_bgy_start\":170,\"image_parallax_bgy_end\":0,\"image_parallax_breakpoint\":\"\",\"image_visibility\":\"m\",\"vertical_align\":\"middle\",\"style\":\"\",\"text_color\":\"\",\"padding\":\"\"},\"children\":[{\"name\":\"\",\"type\":\"image\",\"props\":{\"margin\":\"default\",\"image\":\"wp-content\\\/uploads\\\/EFIRMA.png\",\"image_width\":\"620\",\"image_height\":\"\",\"image_inline_svg\":false,\"text_align\":\"center\",\"maxwidth\":\"\",\"link_target\":\"\",\"image_border\":\"\",\"image_box_shadow\":\"\",\"image_hover_box_shadow\":\"\",\"image_box_decoration\":\"\",\"text_align_breakpoint\":\"\",\"text_align_fallback\":\"\",\"maxwidth_align\":\"\",\"maxwidth_breakpoint\":\"\",\"animation\":\"\",\"visibility\":\"\"}}]},{\"name\":\"\",\"type\":\"column\",\"props\":{\"widths\":[\"\"],\"image_position\":\"center-left\",\"image\":\"\",\"image_width\":\"200\",\"image_height\":\"200\",\"image_effect\":\"parallax\",\"image_parallax_bgx_start\":-140,\"vertical_align\":\"middle\",\"style\":\"\",\"text_color\":\"\",\"padding\":\"\"},\"children\":[{\"name\":\"\",\"type\":\"headline\",\"props\":{\"title_element\":\"h2\",\"content\":\"Firma Electr\\u00f3nica Avanzada en procesos administrativos\",\"title_color\":\"\",\"text_align\":\"left\",\"text_align_breakpoint\":\"m\",\"text_align_fallback\":\"center\",\"animation\":\"\",\"maxwidth\":\"xlarge\",\"maxwidth_align\":\"center\",\"maxwidth_breakpoint\":\"s\",\"title_style\":\"h1\",\"title_decoration\":\"\",\"margin\":\"\",\"visibility\":\"\"}},{\"name\":\"\",\"type\":\"text\",\"props\":{\"margin\":\"medium\",\"column_breakpoint\":\"m\",\"content\":\"\n\n<p>Usamos la tecnolog\\u00eda para generar ahorros en recursos dentro de la Administraci\\u00f3n P\\u00fablica Estatal, proporcionando procesos de firmado de documentos PDF, validaci\\u00f3n y almacenamiento.<img class=\\\"alignnone size-medium wp-image-224\\\" src=\\\"https:\\\/\\\/cemert.gob.mx\\\/wp-content\\\/uploads\\\/apps.svg\\\" alt=\\\"\\\" width=\\\"1\\\" height=\\\"1\\\" \\\/><img class=\\\"alignnone size-medium wp-image-224\\\" src=\\\"https:\\\/\\\/cemert.gob.mx\\\/wp-content\\\/uploads\\\/apps.svg\\\" alt=\\\"\\\" width=\\\"1\\\" height=\\\"1\\\" \\\/><\\\/p>\",\"text_align\":\"left\",\"text_align_breakpoint\":\"m\",\"text_align_fallback\":\"center\",\"maxwidth\":\"xlarge\",\"maxwidth_align\":\"center\",\"text_style\":\"\",\"text_color\":\"\",\"text_size\":\"\",\"column\":\"\",\"maxwidth_breakpoint\":\"\",\"animation\":\"\",\"visibility\":\"\"}},{\"name\":\"\",\"type\":\"button\",\"props\":{\"gutter\":\"\",\"margin\":\"large\",\"button_size\":\"\",\"text_align\":\"left\",\"text_align_breakpoint\":\"m\",\"text_align_fallback\":\"center\",\"maxwidth\":\"xlarge\",\"maxwidth_align\":\"center\",\"maxwidth_breakpoint\":\"\",\"animation\":\"\",\"visibility\":\"\"},\"children\":[{\"name\":\"\",\"type\":\"button_item\",\"props\":{\"button_style\":\"primary\",\"icon_align\":\"left\",\"content\":\"Leer m\\u00e1s\",\"link\":\"\",\"link_target\":\"\"}}]}]}]},{\"name\":\"\",\"type\":\"row\",\"props\":{\"fixed_width\":\"large\",\"breakpoint\":\"m\",\"layout\":\",\",\"vertical_align\":true,\"gutter\":\"large\",\"width\":\"default\",\"margin\":\"xlarge\",\"order_last\":true,\"height\":\"\"},\"children\":[{\"name\":\"\",\"type\":\"column\",\"props\":{\"widths\":[\"\"],\"image_position\":\"center-center\",\"vertical_align\":\"middle\",\"style\":\"\",\"text_color\":\"\",\"padding\":\"\"},\"children\":[{\"name\":\"\",\"type\":\"image\",\"props\":{\"margin\":\"default\",\"image\":\"wp-content\\\/uploads\\\/CICLO-DE-TRAMITE.png\",\"text_align\":\"center\",\"image_width\":\"620\",\"link_target\":\"\",\"image_border\":\"\",\"image_box_shadow\":\"\",\"image_hover_box_shadow\":\"\",\"image_box_decoration\":\"\",\"text_align_breakpoint\":\"\",\"text_align_fallback\":\"\",\"maxwidth\":\"\",\"maxwidth_align\":\"\",\"maxwidth_breakpoint\":\"\",\"animation\":\"\",\"visibility\":\"\"}}]},{\"name\":\"\",\"type\":\"column\",\"props\":{\"widths\":[\"\"],\"image_position\":\"center-center\",\"vertical_align\":\"middle\",\"style\":\"\",\"text_color\":\"\",\"padding\":\"\"},\"children\":[{\"name\":\"\",\"type\":\"headline\",\"props\":{\"title_element\":\"h2\",\"content\":\"Tramitaci\\u00f3n electr\\u00f3nica para municipios\",\"title_color\":\"\",\"text_align\":\"left\",\"text_align_breakpoint\":\"m\",\"text_align_fallback\":\"center\",\"maxwidth\":\"xlarge\",\"maxwidth_align\":\"center\",\"title_style\":\"h1\",\"title_decoration\":\"\",\"maxwidth_breakpoint\":\"\",\"margin\":\"\",\"animation\":\"\",\"visibility\":\"\"}},{\"name\":\"\",\"type\":\"text\",\"props\":{\"margin\":\"medium\",\"column_breakpoint\":\"m\",\"content\":\"\n\n<p>Por medio de nuestra\\u00a0infraestructura tecnol\\u00f3gica realizamos simplificaci\\u00f3n administrativa del ciclo del tramite, desde la Ventanilla \\u00danica hasta la recepci\\u00f3n del entregable con el ciudadano, en los procesos del Sistema de Apertura R\\u00e1pida de Empresas (SARE) y la Ventanilla de Construcci\\u00f3n (VECS).<\\\/p>\",\"text_align\":\"left\",\"text_align_breakpoint\":\"m\",\"text_align_fallback\":\"center\",\"maxwidth\":\"xlarge\",\"maxwidth_align\":\"center\",\"text_style\":\"\",\"text_color\":\"\",\"text_size\":\"\",\"column\":\"\",\"maxwidth_breakpoint\":\"\",\"animation\":\"\",\"visibility\":\"\"}},{\"name\":\"\",\"type\":\"button\",\"props\":{\"gutter\":\"\",\"margin\":\"large\",\"button_size\":\"\",\"text_align\":\"left\",\"text_align_breakpoint\":\"m\",\"text_align_fallback\":\"center\",\"maxwidth\":\"xlarge\",\"maxwidth_align\":\"center\",\"maxwidth_breakpoint\":\"\",\"animation\":\"\",\"visibility\":\"\"},\"children\":[{\"name\":\"\",\"type\":\"button_item\",\"props\":{\"button_style\":\"primary\",\"icon_align\":\"left\",\"content\":\"Leer m\\u00e1s\",\"link\":\"\",\"link_target\":\"\"}}]}]}]},{\"name\":\"\",\"type\":\"row\",\"props\":{\"fixed_width\":\"large\",\"breakpoint\":\"m\",\"layout\":\",\",\"vertical_align\":true,\"gutter\":\"large\",\"width\":\"default\",\"margin\":\"xlarge\",\"margin_remove_top\":false,\"match\":false,\"height\":\"\"},\"children\":[{\"name\":\"\",\"type\":\"column\",\"props\":{\"widths\":[\"\"],\"image_position\":\"top-left\",\"image\":\"wp-content\\\/uploads\\\/home-features-bg-02.svg\",\"image_width\":\"410\",\"image_height\":\"410\",\"image_effect\":\"parallax\",\"image_parallax_bgx_start\":\"\",\"image_parallax_bgy_start\":0,\"image_parallax_bgy_end\":30,\"image_visibility\":\"m\",\"vertical_align\":\"middle\",\"style\":\"\",\"text_color\":\"\",\"padding\":\"\"},\"children\":[{\"name\":\"\",\"type\":\"image\",\"props\":{\"margin\":\"default\",\"image\":\"wp-content\\\/uploads\\\/home-features-03.svg\",\"animation\":\"fade\",\"text_align\":\"center\",\"image_width\":\"620\",\"link_target\":\"\",\"image_border\":\"\",\"image_box_shadow\":\"\",\"image_hover_box_shadow\":\"\",\"image_box_decoration\":\"\",\"text_align_breakpoint\":\"\",\"text_align_fallback\":\"\",\"maxwidth\":\"\",\"maxwidth_align\":\"\",\"maxwidth_breakpoint\":\"\",\"visibility\":\"\"}}]},{\"name\":\"\",\"type\":\"column\",\"props\":{\"widths\":[\"\"],\"image_position\":\"center-center\",\"vertical_align\":\"middle\",\"style\":\"\",\"text_color\":\"\",\"padding\":\"\"},\"children\":[{\"name\":\"\",\"type\":\"headline\",\"props\":{\"title_element\":\"h2\",\"content\":\"Centro Integral de Tr\\u00e1mites y Servicios Electr\\u00f3nicos, www.tlaxcalaenlinea.gob.mx\",\"title_color\":\"\",\"text_align\":\"left\",\"text_align_breakpoint\":\"m\",\"text_align_fallback\":\"center\",\"maxwidth\":\"xlarge\",\"maxwidth_align\":\"center\",\"title_style\":\"h1\",\"title_decoration\":\"\",\"maxwidth_breakpoint\":\"\",\"margin\":\"\",\"animation\":\"\",\"visibility\":\"\"}},{\"name\":\"\",\"type\":\"text\",\"props\":{\"margin\":\"medium\",\"column_breakpoint\":\"m\",\"content\":\"\n\n<p>680 fichas t\\u00e9cnicas de tr\\u00e1mites\\u00a0informativos estatales<\\\/p>\\n\n\n<p>\\u00a1todos los tr\\u00e1mites en un solo lugar!\\u00a0<\\\/p>\",\"text_align\":\"left\",\"text_align_breakpoint\":\"m\",\"text_align_fallback\":\"center\",\"maxwidth\":\"xlarge\",\"maxwidth_align\":\"center\",\"text_style\":\"\",\"text_color\":\"\",\"text_size\":\"\",\"column\":\"\",\"maxwidth_breakpoint\":\"\",\"animation\":\"\",\"visibility\":\"\"}},{\"name\":\"\",\"type\":\"button\",\"props\":{\"gutter\":\"\",\"margin\":\"large\",\"button_size\":\"\",\"text_align\":\"left\",\"text_align_breakpoint\":\"m\",\"text_align_fallback\":\"center\",\"maxwidth\":\"xlarge\",\"maxwidth_align\":\"center\",\"maxwidth_breakpoint\":\"\",\"animation\":\"\",\"visibility\":\"\"},\"children\":[{\"name\":\"\",\"type\":\"button_item\",\"props\":{\"button_style\":\"secondary\",\"icon_align\":\"left\",\"content\":\"Ir al sitio\",\"link\":\"\",\"link_target\":\"\"}}]}]}]}]},{\"name\":\"\",\"type\":\"section\",\"props\":{\"style\":\"muted\",\"width\":\"default\",\"vertical_align\":\"middle\",\"title_position\":\"top-left\",\"title_rotation\":\"left\",\"title_breakpoint\":\"xl\",\"image_position\":\"center-center\",\"text_color\":\"\",\"width_expand\":\"\",\"height\":\"\",\"padding\":\"\",\"header_transparent\":\"\",\"animation\":\"\"},\"children\":[{\"name\":\"\",\"type\":\"row\",\"props\":{\"layout\":\"1-1\",\"breakpoint\":\"m\",\"fixed_width\":\"large\",\"gutter\":\"\",\"width\":\"\",\"width_expand\":\"\",\"height\":\"\",\"margin\":\"\"},\"children\":[{\"name\":\"\",\"type\":\"column\",\"props\":{\"widths\":[\"1-1\"],\"image_position\":\"center-center\",\"media_overlay_gradient\":\"\",\"vertical_align\":\"\",\"style\":\"\",\"text_color\":\"\",\"padding\":\"\"},\"children\":[{\"name\":\"\",\"type\":\"headline\",\"props\":{\"title_element\":\"h1\",\"title_style\":\"\",\"title_decoration\":\"\",\"title_color\":\"\",\"text_align\":\"\",\"text_align_breakpoint\":\"\",\"text_align_fallback\":\"\",\"maxwidth\":\"\",\"maxwidth_align\":\"\",\"maxwidth_breakpoint\":\"\",\"margin\":\"\",\"animation\":\"\",\"visibility\":\"\",\"content\":\"Testimonios\"}},{\"name\":\"\",\"type\":\"quotation\",\"props\":{\"link_style\":\"\",\"text_align\":\"\",\"text_align_breakpoint\":\"\",\"text_align_fallback\":\"\",\"maxwidth\":\"\",\"maxwidth_align\":\"\",\"maxwidth_breakpoint\":\"\",\"margin\":\"medium\",\"animation\":\"\",\"visibility\":\"\",\"author\":\"Presidente municipal de Tlaxcala\",\"footer\":\"Jorge Corichi,\",\"content\":\"El tr\\u00e1mite SARE electr\\u00f3nico implementado por la CEMERT, nos ha permitido elevar la eficiencia en el proceso de expedicion de Licencias de funcionamiento a los ciudadanos, asi como mejorar la gestion de la informaci\\u00f3n y seguimiento de los tr\\u00e1mites\",\"margin_remove_top\":false,\"margin_remove_bottom\":false}}]}]}]}]} --><\/p>\n","protected":false},"excerpt":{"rendered":"<p>Comisi\u00f3n de Mejora Regulatoria de Tlaxcala &#8220;Si pudi\u00e9ramos encontrar una herramienta que promueva la competitividad, la confianza ciudadana en el estado, la inclusi\u00f3n social y adem\u00e1s lograra que el gobierno hiciera m\u00e1s con menos, sin duda alguna esta ser\u00eda la mejora regulatoria.&#8221; Firma Electr\u00f3nica Avanzada en procesos administrativos Usamos la tecnolog\u00eda para generar ahorros en [&hellip;]<\/p>\n","protected":false},"author":1,"featured_media":0,"parent":0,"menu_order":5,"comment_status":"closed","ping_status":"closed","template":"","meta":[],"_links":{"self":[{"href":"https:\/\/cemert.gob.mx\/index.php?rest_route=\/wp\/v2\/pages\/19"}],"collection":[{"href":"https:\/\/cemert.gob.mx\/index.php?rest_route=\/wp\/v2\/pages"}],"about":[{"href":"https:\/\/cemert.gob.mx\/index.php?rest_route=\/wp\/v2\/types\/page"}],"author":[{"embeddable":true,"href":"https:\/\/cemert.gob.mx\/index.php?rest_route=\/wp\/v2\/users\/1"}],"replies":[{"embeddable":true,"href":"https:\/\/cemert.gob.mx\/index.php?rest_route=%2Fwp%2Fv2%2Fcomments&post=19"}],"version-history":[{"count":63,"href":"https:\/\/cemert.gob.mx\/index.php?rest_route=\/wp\/v2\/pages\/19\/revisions"}],"predecessor-version":[{"id":743,"href":"https:\/\/cemert.gob.mx\/index.php?rest_route=\/wp\/v2\/pages\/19\/revisions\/743"}],"wp:attachment":[{"href":"https:\/\/cemert.gob.mx\/index.php?rest_route=%2Fwp%2Fv2%2Fmedia&parent=19"}],"curies":[{"name":"wp","href":"https:\/\/api.w.org\/{rel}","templated":true}]}}