{"id":21,"date":"2018-08-23T07:34:32","date_gmt":"2018-08-23T07:34:32","guid":{"rendered":"http:\/\/localhost\/yootheme_pro\/2018\/vista\/Website_WP\/index.php\/company\/"},"modified":"2022-09-08T17:06:25","modified_gmt":"2022-09-08T17:06:25","slug":"company","status":"publish","type":"page","link":"https:\/\/cemert.gob.mx\/?page_id=21","title":{"rendered":"Consejo Estatal de Mejora Regulatoria, primera sesi\u00f3n 2021"},"content":{"rendered":"<p>Consejo Estatal de Mejora Regulatoria<\/p>\n<p>Noviembre de 2021, Tlaxcala<\/p>\n<p>Por un gobierno m\u00e1s accesible<\/p>\n<p>INICIO DE ACTIVIDADES<\/p>\n<p>La gobernadora Lorena Cu\u00e9llar Cisneros encabez\u00f3 la instalaci\u00f3n y toma de protesta del Consejo Estatal de Mejora Regulatoria, el cual qued\u00f3 integrado por autoridades estatales y representantes de c\u00e1maras empresariales, de organismos p\u00fablicos, de instituciones educativas y municipios.<\/p>\n<p>ALIADOS<\/p>\n<p>Durante la sesi\u00f3n del Consejo que se realiz\u00f3 en la Secretar\u00eda de Desarrollo Econ\u00f3mico (Sedeco), la mandataria asegur\u00f3 que con la implementaci\u00f3n de la pol\u00edtica de mejora regulatoria, la entidad contar\u00e1 con normas para simplificar tr\u00e1mites y servicios a fin de dar un mejor funcionamiento a las actividades empresariales y de la sociedad.<\/p>\n<p>META<\/p>\n<p>MEJORA REGULATORIA\u00a0 es uno de los mejores mecanismos para combatir la corrupci\u00f3n y transparentar los procesos administrativos en la apertura de negocios, con lo cual se hace m\u00e1s accesible a los ciudadanos el acercamiento a las instituciones y as\u00ed \u201cpoder hacer sus gestiones sin complicaciones, sin corrupci\u00f3n, porque esas pr\u00e1cticas ya se acabaron en Tlaxcala\u201d.<\/p>\n<p>INTEGRANTES<\/p>\n<p>ESTAMOS MUY ORGULLOSOS DE NUESTROS LOGROS<\/p>\n<p>Lorem ipsum dolor sit amet, consetetur sadipscing elitr, sed diam nonumy eirmod tempor invidunt ut labore et dolore magna aliquyam erat, sed diam voluptua. At vero eos et accusam et justo duo dolores et ea rebum. Stet clita kasd gubergren, no sea takimata sanctus est Lorem ipsum dolor sit amet. Lorem ipsum dolor sit amet, consetetur sadipscing elitr, sed diam nonumy eirmod tempor invidunt ut labore et dolore magna aliquyam erat Lorem ipsum dolor sit amet, consetetur.<\/p>\n<p><!-- {\"name\":\"\",\"type\":\"layout\",\"children\":[{\"name\":\"Hero\",\"type\":\"section\",\"props\":{\"style\":\"default\",\"width\":\"default\",\"vertical_align\":\"middle\",\"title_position\":\"top-left\",\"title_rotation\":\"left\",\"title_breakpoint\":\"xl\",\"image_position\":\"bottom-center\",\"image\":\"wp-content\\\/uploads\\\/INSTALACIO\\u0301N_CONSEJO_6-scaled.jpg\",\"height\":\"percent\",\"header_transparent\":\"dark\",\"header_transparent_noplaceholder\":true,\"text_color\":\"light\",\"image_size\":\"cover\",\"overlap\":true,\"image_width\":\"2560\",\"animation\":\"fade\",\"width_expand\":\"\",\"padding\":\"\"},\"children\":[{\"name\":\"\",\"type\":\"row\",\"props\":{\"fixed_width\":\"large\",\"breakpoint\":\"m\",\"layout\":\"1-1\"},\"children\":[{\"name\":\"\",\"type\":\"column\",\"props\":{\"widths\":[\"1-1\"],\"image_position\":\"center-center\"}}]}]},{\"name\":\"Image\",\"type\":\"section\",\"props\":{\"style\":\"default\",\"width\":\"default\",\"vertical_align\":\"middle\",\"title_position\":\"top-left\",\"title_rotation\":\"left\",\"title_breakpoint\":\"xl\",\"image_position\":\"center-center\",\"padding\":\"none\",\"id\":\"office\",\"animation\":\"slide-bottom-medium\"},\"children\":[{\"name\":\"\",\"type\":\"row\",\"props\":{\"fixed_width\":\"large\",\"breakpoint\":\"m\",\"layout\":\"1-1\"},\"children\":[{\"name\":\"\",\"type\":\"column\",\"props\":{\"widths\":[\"1-1\"],\"image_position\":\"center-center\"},\"children\":[{\"name\":\"\",\"type\":\"image\",\"props\":{\"margin\":\"\",\"image\":\"wp-content\\\/uploads\\\/company-image.svg\",\"text_align\":\"center\",\"animation\":\"parallax\",\"parallax_x_start\":\"\",\"parallax_y_start\":\"-130\",\"parallax_y_end\":\"-200\",\"visibility\":\"m\",\"link\":\"#office\",\"image_hover_box_shadow\":\"\",\"link_target\":\"\",\"image_border\":\"\",\"image_box_shadow\":\"\",\"image_box_decoration\":\"\",\"text_align_breakpoint\":\"\",\"text_align_fallback\":\"\",\"maxwidth\":\"\",\"maxwidth_align\":\"\",\"maxwidth_breakpoint\":\"\"}},{\"name\":\"\",\"type\":\"headline\",\"props\":{\"title_element\":\"h1\",\"content\":\"<strong><span style=\\\"color: #000000;\\\">Consejo Estatal de Mejora Regulatoria<\\\/span><\\\/strong>\",\"title_style\":\"h1\",\"text_align\":\"center\",\"margin\":\"small\",\"title_decoration\":\"\",\"title_color\":\"\",\"text_align_breakpoint\":\"\",\"text_align_fallback\":\"\",\"maxwidth\":\"\",\"maxwidth_align\":\"\",\"maxwidth_breakpoint\":\"\",\"animation\":\"\",\"visibility\":\"\"}},{\"name\":\"\",\"type\":\"headline\",\"props\":{\"title_element\":\"div\",\"content\":\"<span style=\\\"color: #000000;\\\"><strong>Noviembre de 2021, Tlaxcala<\\\/strong><\\\/span>\",\"title_style\":\"h6\",\"margin\":\"remove-vertical\",\"text_align\":\"center\",\"title_decoration\":\"\",\"title_color\":\"\",\"text_align_breakpoint\":\"\",\"text_align_fallback\":\"\",\"maxwidth\":\"\",\"maxwidth_align\":\"\",\"maxwidth_breakpoint\":\"\",\"animation\":\"\",\"visibility\":\"\"}}]}]}]},{\"name\":\"Office\",\"type\":\"section\",\"props\":{\"style\":\"default\",\"width\":\"default\",\"vertical_align\":\"middle\",\"title_position\":\"top-left\",\"title_rotation\":\"left\",\"title_breakpoint\":\"xl\",\"image_position\":\"center-center\",\"padding_remove_top\":false,\"id\":\"\",\"image\":\"wp-content\\\/uploads\\\/company-office-bg .svg\",\"image_size\":\"contain\",\"image_visibility\":\"m\",\"image_effect\":\"parallax\",\"image_parallax_bgx_start\":\"\",\"image_parallax_bgy_start\":\"50\",\"image_parallax_bgy_end\":\"-50\",\"padding\":\"large\",\"animation\":\"slide-bottom-medium\",\"animation_delay\":true},\"children\":[{\"name\":\"\",\"type\":\"row\",\"props\":{\"fixed_width\":\"large\",\"breakpoint\":\"m\",\"layout\":\"1-1\"},\"children\":[{\"name\":\"\",\"type\":\"column\",\"props\":{\"widths\":[\"1-1\"],\"image_position\":\"center-center\"},\"children\":[{\"name\":\"\",\"type\":\"headline\",\"props\":{\"title_element\":\"h2\",\"content\":\"<strong>Por un gobierno m\\u00e1s accesible<\\\/strong>\",\"maxwidth\":\"large\",\"text_align\":\"center\",\"maxwidth_align\":\"center\",\"title_style\":\"h1\",\"title_decoration\":\"\",\"title_color\":\"\",\"text_align_breakpoint\":\"\",\"text_align_fallback\":\"\",\"maxwidth_breakpoint\":\"\",\"margin\":\"\",\"animation\":\"\",\"visibility\":\"\"}}]}]},{\"name\":\"\",\"type\":\"row\",\"props\":{\"fixed_width\":\"large\",\"breakpoint\":\"m\",\"layout\":\"2-3,\",\"vertical_align\":true,\"gutter\":\"large\",\"margin\":\"xlarge\",\"width\":\"\",\"height\":\"\"},\"children\":[{\"name\":\"\",\"type\":\"column\",\"props\":{\"widths\":[\"2-3\"],\"image_position\":\"center-center\",\"vertical_align\":\"middle\",\"style\":\"\",\"text_color\":\"\",\"padding\":\"\"},\"children\":[{\"name\":\"\",\"type\":\"slideshow\",\"props\":{\"show_title\":false,\"show_meta\":true,\"show_content\":true,\"show_link\":true,\"show_thumbnail\":true,\"slideshow_min_height\":\"100\",\"slideshow_autoplay_pause\":true,\"nav\":\"dotnav\",\"nav_position\":\"bottom-center\",\"nav_position_margin\":\"medium\",\"nav_align\":\"center\",\"nav_breakpoint\":\"s\",\"thumbnav_width\":\"100\",\"thumbnav_height\":\"75\",\"slidenav\":\"\",\"slidenav_margin\":\"medium\",\"slidenav_breakpoint\":\"s\",\"slidenav_outside_breakpoint\":\"xl\",\"overlay_position\":\"center-left\",\"overlay_animation\":\"parallax\",\"title_element\":\"h3\",\"meta_style\":\"meta\",\"meta_align\":\"bottom\",\"link_text\":\"Read more\",\"link_style\":\"default\",\"margin\":\"default\",\"css\":\".el-item { border-radius: 300px; }\",\"slideshow_animation\":\"fade\",\"text_color\":\"light\",\"animation\":\"\",\"parallax_x_start\":\"\",\"image_width\":\"850\",\"slideshow_autoplay\":true,\"slideshow_autoplay_interval\":\"5\",\"slideshow_height\":\"\",\"slideshow_box_shadow\":\"\",\"slideshow_box_decoration\":\"\",\"slideshow_kenburns\":\"\",\"nav_color\":\"\",\"slidenav_outside_color\":\"\",\"overlay_container\":\"\",\"overlay_container_padding\":\"\",\"overlay_margin\":\"\",\"overlay_style\":\"\",\"overlay_padding\":\"\",\"overlay_width\":\"\",\"title_style\":\"\",\"title_decoration\":\"\",\"title_color\":\"\",\"meta_color\":\"\",\"meta_margin\":\"\",\"content_style\":\"\",\"link_size\":\"\",\"text_align\":\"\",\"text_align_breakpoint\":\"\",\"text_align_fallback\":\"\",\"maxwidth\":\"\",\"maxwidth_align\":\"\",\"maxwidth_breakpoint\":\"\",\"visibility\":\"\"},\"children\":[{\"name\":\"\",\"type\":\"slideshow_item\",\"props\":{\"image\":\"wp-content\\\/uploads\\\/INSTALACIO\\u0301N_CONSEJO_8-scaled.jpg\",\"title\":\"Workspace\",\"text_color\":\"\"}},{\"name\":\"\",\"type\":\"slideshow_item\",\"props\":{\"image\":\"wp-content\\\/uploads\\\/INSTALACIO\\u0301N_CONSEJO_9-scaled.jpg\",\"title\":\"Workspace\",\"text_color\":\"\"}},{\"name\":\"\",\"type\":\"slideshow_item\",\"props\":{\"image\":\"wp-content\\\/uploads\\\/INSTALACIO\\u0301N_CONSEJO-scaled.jpg\",\"title\":\"Workspace\",\"text_color\":\"\"}}]}]},{\"name\":\"\",\"type\":\"column\",\"props\":{\"widths\":[\"\"],\"image_position\":\"center-center\",\"vertical_align\":\"middle\",\"style\":\"\",\"text_color\":\"\",\"padding\":\"\"},\"children\":[{\"name\":\"\",\"type\":\"image\",\"props\":{\"margin\":\"default\",\"image\":\"wp-content\\\/uploads\\\/company-office-icon-01.svg\",\"text_align\":\"left\",\"text_align_breakpoint\":\"m\",\"text_align_fallback\":\"center\"}},{\"name\":\"\",\"type\":\"headline\",\"props\":{\"title_element\":\"h3\",\"content\":\"INICIO DE ACTIVIDADES\",\"margin\":\"medium\",\"margin_remove_top\":true,\"text_align\":\"left\",\"text_align_breakpoint\":\"m\",\"text_align_fallback\":\"center\",\"title_style\":\"h2\",\"title_decoration\":\"\",\"title_color\":\"\",\"maxwidth\":\"\",\"maxwidth_align\":\"\",\"maxwidth_breakpoint\":\"\",\"animation\":\"\",\"visibility\":\"\"}},{\"name\":\"\",\"type\":\"text\",\"props\":{\"margin\":\"default\",\"column_breakpoint\":\"m\",\"content\":\"\n\n<p>La gobernadora Lorena Cu\\u00e9llar Cisneros encabez\\u00f3 la instalaci\\u00f3n y toma de protesta del Consejo Estatal de Mejora Regulatoria, el cual qued\\u00f3 integrado por autoridades estatales y representantes de c\\u00e1maras empresariales, de organismos p\\u00fablicos, de instituciones educativas y municipios.<\\\/p>\",\"text_align\":\"left\",\"text_align_breakpoint\":\"m\",\"text_align_fallback\":\"center\",\"maxwidth\":\"large\",\"maxwidth_align\":\"center\",\"maxwidth_breakpoint\":\"s\",\"text_style\":\"\",\"text_color\":\"\",\"text_size\":\"\",\"column\":\"\",\"animation\":\"\",\"visibility\":\"\"}}]}]},{\"name\":\"\",\"type\":\"row\",\"props\":{\"fixed_width\":\"large\",\"breakpoint\":\"m\",\"layout\":\"2-3,\",\"vertical_align\":true,\"gutter\":\"large\",\"margin\":\"xlarge\",\"order_last\":true,\"width\":\"\",\"height\":\"\"},\"children\":[{\"name\":\"\",\"type\":\"column\",\"props\":{\"widths\":[\"2-3\"],\"image_position\":\"center-center\",\"vertical_align\":\"middle\",\"style\":\"\",\"text_color\":\"\",\"padding\":\"\"},\"children\":[{\"name\":\"\",\"type\":\"image\",\"props\":{\"margin\":\"default\",\"image\":\"wp-content\\\/uploads\\\/INSTALACIO\\u0301N_CONSEJO_2-scaled.jpg\",\"animation\":\"\",\"parallax_x_start\":\"\",\"parallax_x_end\":\"\",\"css\":\"\",\"image_width\":\"850\",\"text_align\":\"center\",\"image_border\":\"pill\",\"link_target\":\"\",\"image_box_shadow\":\"\",\"image_hover_box_shadow\":\"\",\"image_box_decoration\":\"\",\"text_align_breakpoint\":\"\",\"text_align_fallback\":\"\",\"maxwidth\":\"\",\"maxwidth_align\":\"\",\"maxwidth_breakpoint\":\"\",\"visibility\":\"\"}}]},{\"name\":\"\",\"type\":\"column\",\"props\":{\"widths\":[\"\"],\"image_position\":\"center-center\",\"vertical_align\":\"middle\",\"style\":\"\",\"text_color\":\"\",\"padding\":\"\"},\"children\":[{\"name\":\"\",\"type\":\"image\",\"props\":{\"margin\":\"default\",\"image\":\"wp-content\\\/uploads\\\/company-office-icon-02.svg\",\"text_align\":\"left\",\"text_align_breakpoint\":\"m\",\"text_align_fallback\":\"center\"}},{\"name\":\"\",\"type\":\"headline\",\"props\":{\"title_element\":\"h3\",\"content\":\"ALIADOS\",\"margin\":\"medium\",\"margin_remove_top\":true,\"text_align\":\"left\",\"text_align_breakpoint\":\"m\",\"text_align_fallback\":\"center\",\"title_style\":\"h2\",\"title_decoration\":\"\",\"title_color\":\"\",\"maxwidth\":\"\",\"maxwidth_align\":\"\",\"maxwidth_breakpoint\":\"\",\"animation\":\"\",\"visibility\":\"\"}},{\"name\":\"\",\"type\":\"text\",\"props\":{\"margin\":\"default\",\"column_breakpoint\":\"m\",\"content\":\"\n\n<p>Durante la sesi\\u00f3n del Consejo que se realiz\\u00f3 en la Secretar\\u00eda de Desarrollo Econ\\u00f3mico (Sedeco), la mandataria asegur\\u00f3 que con la implementaci\\u00f3n de la pol\\u00edtica de mejora regulatoria, la entidad contar\\u00e1 con normas para simplificar tr\\u00e1mites y servicios a fin de dar un mejor funcionamiento a las actividades empresariales y de la sociedad.<\\\/p>\",\"text_align\":\"left\",\"text_align_breakpoint\":\"m\",\"text_align_fallback\":\"center\",\"maxwidth\":\"large\",\"maxwidth_align\":\"center\",\"maxwidth_breakpoint\":\"s\",\"text_style\":\"\",\"text_color\":\"\",\"text_size\":\"\",\"column\":\"\",\"animation\":\"\",\"visibility\":\"\"}}]}]}]},{\"name\":\"Team\",\"type\":\"section\",\"props\":{\"style\":\"default\",\"width\":\"default\",\"vertical_align\":\"middle\",\"title_position\":\"top-left\",\"title_rotation\":\"left\",\"title_breakpoint\":\"xl\",\"image_position\":\"top-center\",\"padding\":\"xlarge\",\"image\":\"wp-content\\\/uploads\\\/company-team-bg.svg\",\"image_effect\":\"parallax\",\"image_parallax_bgy_start\":\"0\",\"image_parallax_bgy_end\":\"250\",\"animation\":\"slide-bottom-medium\",\"animation_delay\":true,\"id\":\"team\"},\"children\":[{\"name\":\"\",\"type\":\"row\",\"props\":{\"fixed_width\":\"large\",\"breakpoint\":\"m\",\"layout\":\"1-1\"},\"children\":[{\"name\":\"\",\"type\":\"column\",\"props\":{\"widths\":[\"1-1\"],\"image_position\":\"center-center\"},\"children\":[{\"name\":\"\",\"type\":\"headline\",\"props\":{\"title_element\":\"h2\",\"content\":\"META\",\"text_align\":\"center\",\"title_style\":\"h1\",\"title_decoration\":\"\",\"title_color\":\"\",\"text_align_breakpoint\":\"\",\"text_align_fallback\":\"\",\"maxwidth\":\"\",\"maxwidth_align\":\"\",\"maxwidth_breakpoint\":\"\",\"margin\":\"\",\"animation\":\"\",\"visibility\":\"\"}},{\"name\":\"\",\"type\":\"text\",\"props\":{\"margin\":\"default\",\"column_breakpoint\":\"m\",\"maxwidth\":\"xlarge\",\"content\":\"\n\n<p>MEJORA REGULATORIA\\u00a0 es uno de los mejores mecanismos para combatir la corrupci\\u00f3n y transparentar los procesos administrativos en la apertura de negocios, con lo cual se hace m\\u00e1s accesible a los ciudadanos el acercamiento a las instituciones y as\\u00ed \\u201cpoder hacer sus gestiones sin complicaciones, sin corrupci\\u00f3n, porque esas pr\\u00e1cticas ya se acabaron en Tlaxcala\\u201d.<\\\/p>\",\"text_align\":\"center\",\"maxwidth_align\":\"center\",\"text_style\":\"\",\"text_size\":\"large\",\"text_color\":\"\",\"column\":\"\",\"text_align_breakpoint\":\"\",\"text_align_fallback\":\"\",\"maxwidth_breakpoint\":\"\",\"animation\":\"\",\"visibility\":\"\"}},{\"name\":\"\",\"type\":\"headline\",\"props\":{\"title_element\":\"h2\",\"content\":\"INTEGRANTES\",\"text_align\":\"center\",\"title_style\":\"h1\",\"title_decoration\":\"\",\"title_color\":\"\",\"text_align_breakpoint\":\"\",\"text_align_fallback\":\"\",\"maxwidth\":\"\",\"maxwidth_align\":\"\",\"maxwidth_breakpoint\":\"\",\"margin\":\"\",\"animation\":\"\",\"visibility\":\"\"}},{\"name\":\"\",\"type\":\"grid\",\"props\":{\"show_title\":true,\"show_meta\":true,\"show_content\":true,\"show_image\":true,\"show_link\":true,\"grid_default\":\"2\",\"grid_medium\":\"4\",\"filter_style\":\"tab\",\"filter_all\":true,\"filter_position\":\"top\",\"filter_align\":\"left\",\"filter_grid_width\":\"auto\",\"filter_breakpoint\":\"m\",\"title_element\":\"h3\",\"meta_style\":\"meta\",\"meta_align\":\"bottom\",\"icon_ratio\":4,\"image_align\":\"top\",\"image_grid_width\":\"1-2\",\"image_breakpoint\":\"m\",\"link_text\":\"Read more\",\"link_style\":\"default\",\"margin\":\"xlarge\",\"filter\":false,\"image_border\":\"circle\",\"image_box_shadow\":\"large\",\"text_align\":\"center\",\"meta_margin\":\"remove\",\"title_style\":\"\",\"grid_small\":\"3\",\"gutter\":\"large\",\"image_width\":\"250\",\"grid_large\":\"\",\"grid_xlarge\":\"\",\"filter_margin\":\"\",\"filter_gutter\":\"\",\"title_display\":\"\",\"content_display\":\"\",\"panel_style\":\"\",\"panel_size\":\"\",\"item_maxwidth\":\"\",\"title_decoration\":\"\",\"title_color\":\"\",\"meta_color\":\"\",\"content_style\":\"\",\"image_hover_box_shadow\":\"\",\"image_box_decoration\":\"\",\"icon_color\":\"\",\"image_gutter\":\"\",\"link_size\":\"\",\"text_align_breakpoint\":\"\",\"text_align_fallback\":\"\",\"maxwidth\":\"\",\"maxwidth_align\":\"\",\"maxwidth_breakpoint\":\"\",\"item_animation\":\"\",\"visibility\":\"\"},\"children\":[{\"name\":\"\",\"type\":\"grid_item\",\"props\":{\"title\":\"Lorena Cuellar Cisneros\",\"meta\":\"Gobernadora del Estado de Tlaxcala y Presidenta del Consejo Estatal de Mejora Regulatoria\",\"image\":\"\"}},{\"name\":\"\",\"type\":\"grid_item\",\"props\":{\"title\":\"Javier Marroqu\\u00edn Calder\\u00f3n\",\"meta\":\"Secretario de Desarrollo Econ\\u00f3mico y Vicepresidente del Consejo Estatal de Mejora Regulatoria\",\"image\":\"\"}},{\"name\":\"\",\"type\":\"grid_item\",\"props\":{\"title\":\"Germ\\u00e1n Del\\u00f3n P\\u00e1ez\",\"meta\":\"Comisionado Estatal de Mejora Regulatoria y Secretario Ejecutivo del Consejo Estatal de Mejora Regulatoria\",\"image\":\"\"}},{\"name\":\"\",\"type\":\"grid_item\",\"props\":{\"title\":\" Sergio Gonz\\u00e1lez Hern\\u00e1ndez\",\"meta\":\"Secretario de Gobierno\",\"image\":\"\"}},{\"name\":\"\",\"type\":\"grid_item\",\"props\":{\"title\":\"Er\\u00e9ndira Cova Brindis\",\"meta\":\"Secretaria de la Funci\\u00f3n P\\u00fablica\",\"image\":\"\"}},{\"name\":\"\",\"type\":\"grid_item\",\"props\":{\"title\":\"Jos\\u00e9 Rufino Mendieta Cuapio\",\"meta\":\"Consejero Jur\\u00eddico del Ejecutivo\",\"image\":\"\"}},{\"name\":\"\",\"type\":\"grid_item\",\"props\":{\"title\":\"Enrique Padilla S\\u00e1nchez\",\"meta\":\"Rector de la Universidad Polit\\u00e9cnica de Tlaxcala\",\"image\":\"\"}},{\"name\":\"\",\"type\":\"grid_item\",\"props\":{\"title\":\"Jorge Alfredo Corich Fragoso\",\"meta\":\"Presidente Municipal de Tlaxcala\",\"image\":\"\"}},{\"name\":\"\",\"type\":\"grid_item\",\"props\":{\"title\":\"David Alvarez Ochoa\",\"meta\":\"Secretario de Finanzas\",\"image\":\"\"}},{\"name\":\"\",\"type\":\"grid_item\",\"props\":{\"title\":\"Mary Cruz Cort\\u00e9s Ornelas\",\"meta\":\"Presidenta del Tribunal Superior de Justicia del Estado de Tlaxcala\",\"image\":\"\"}},{\"name\":\"\",\"type\":\"grid_item\",\"props\":{\"title\":\"Javier Rivera Bonilla\",\"meta\":\"Director General del Fondo Macro para el Desarrollo Integral de Tlaxcala\",\"image\":\"\"}},{\"name\":\"\",\"type\":\"grid_item\",\"props\":{\"title\":\"Edgar Pe\\u00f1a N\\u00e1jera\",\"meta\":\"Presidente Municipal de Calpulalpan\",\"image\":\"\"}},{\"name\":\"\",\"type\":\"grid_item\",\"props\":{\"title\":\"Hildeberto P\\u00e9rez \\u00c1lvarez\",\"meta\":\"Presidente Municipal de Zacatelco\",\"image\":\"\"}}]}]}]}]},{\"name\":\"Achievements\",\"type\":\"section\",\"props\":{\"style\":\"default\",\"width\":\"\",\"vertical_align\":\"middle\",\"title_position\":\"top-left\",\"title_rotation\":\"left\",\"title_breakpoint\":\"xl\",\"image_position\":\"top-center\",\"padding_remove_top\":true,\"image\":\"wp-content\\\/uploads\\\/company-milestones-bg.svg\",\"animation\":\"slide-bottom-small\",\"animation_delay\":true,\"image_effect\":\"parallax\",\"image_parallax_bgy_start\":0,\"image_parallax_bgy_end\":100},\"children\":[{\"name\":\"\",\"type\":\"row\",\"props\":{\"fixed_width\":\"large\",\"breakpoint\":\"m\",\"layout\":\"1-1\",\"margin\":\"\",\"gutter\":\"large\",\"width\":\"default\",\"match\":false},\"children\":[{\"name\":\"\",\"type\":\"column\",\"props\":{\"widths\":[\"1-1\"],\"image_position\":\"center-center\"},\"children\":[{\"name\":\"\",\"type\":\"headline\",\"props\":{\"title_element\":\"h2\",\"content\":\"ESTAMOS MUY ORGULLOSOS DE NUESTROS LOGROS\",\"title_style\":\"h1\",\"margin\":\"large\",\"margin_remove_bottom\":false,\"maxwidth\":\"xlarge\",\"text_align\":\"center\",\"maxwidth_align\":\"center\",\"title_decoration\":\"\",\"title_color\":\"\",\"text_align_breakpoint\":\"\",\"text_align_fallback\":\"\",\"maxwidth_breakpoint\":\"\",\"animation\":\"\",\"visibility\":\"\"}},{\"name\":\"\",\"type\":\"text\",\"props\":{\"margin\":\"medium\",\"column_breakpoint\":\"l\",\"content\":\"Lorem ipsum dolor sit amet, consetetur sadipscing elitr, sed diam nonumy eirmod tempor invidunt ut labore et dolore magna aliquyam erat, sed diam voluptua. At vero eos et accusam et justo duo dolores et ea rebum. Stet clita kasd gubergren, no sea takimata sanctus est Lorem ipsum dolor sit amet. Lorem ipsum dolor sit amet, consetetur sadipscing elitr, sed diam nonumy eirmod tempor invidunt ut labore et dolore magna aliquyam erat Lorem ipsum dolor sit amet, consetetur.\",\"column\":\"1-2\",\"column_divider\":false}}]}]},{\"name\":\"\",\"type\":\"row\",\"props\":{\"fixed_width\":\"large\",\"breakpoint\":\"m\",\"layout\":\"1-1\",\"width\":\"default\",\"margin\":\"xlarge\"},\"children\":[{\"name\":\"\",\"type\":\"column\",\"props\":{\"widths\":[\"1-1\"],\"image_position\":\"center-center\",\"style\":\"\",\"padding\":\"large\"},\"children\":[{\"name\":\"\",\"type\":\"grid\",\"props\":{\"show_title\":true,\"show_meta\":true,\"show_content\":true,\"show_image\":true,\"show_link\":true,\"grid_default\":\"1\",\"grid_medium\":\"4\",\"filter_style\":\"tab\",\"filter_all\":true,\"filter_position\":\"top\",\"filter_align\":\"left\",\"filter_grid_width\":\"auto\",\"filter_breakpoint\":\"m\",\"title_element\":\"h3\",\"meta_style\":\"muted\",\"meta_align\":\"bottom\",\"icon_ratio\":4,\"image_align\":\"top\",\"image_grid_width\":\"1-2\",\"image_breakpoint\":\"m\",\"link_text\":\"Read more\",\"link_style\":\"default\",\"margin\":\"default\",\"title_style\":\"heading-primary\",\"panel_style\":\"card-secondary\",\"text_align\":\"center\",\"gutter\":\"\",\"item_maxwidth\":\"\",\"panel_size\":\"large\",\"grid_small\":\"2\",\"grid_large\":\"\",\"grid_xlarge\":\"\",\"filter_margin\":\"\",\"filter_gutter\":\"\",\"title_display\":\"\",\"content_display\":\"\",\"title_decoration\":\"\",\"title_color\":\"\",\"meta_color\":\"\",\"meta_margin\":\"\",\"content_style\":\"\",\"image_border\":\"\",\"image_box_shadow\":\"\",\"image_hover_box_shadow\":\"\",\"image_box_decoration\":\"\",\"icon_color\":\"\",\"image_gutter\":\"\",\"link_size\":\"\",\"text_align_breakpoint\":\"\",\"text_align_fallback\":\"\",\"maxwidth\":\"\",\"maxwidth_align\":\"\",\"maxwidth_breakpoint\":\"\",\"item_animation\":\"\",\"visibility\":\"\"},\"children\":[{\"name\":\"\",\"type\":\"grid_item\",\"props\":{\"title\":\"32\",\"meta\":\"CONVENIOS\"}},{\"name\":\"\",\"type\":\"grid_item\",\"props\":{\"title\":\"10\",\"meta\":\"SARES\"}},{\"name\":\"\",\"type\":\"grid_item\",\"props\":{\"title\":\"100 MIL\",\"meta\":\"DOCUMENTOS ELECTR\\u00d3NICOS FIRMADOS\"}},{\"name\":\"\",\"type\":\"grid_item\",\"props\":{\"title\":\"10 \",\"meta\":\"POSICIONES ESCALADAS EN EL OBSERVATORIO NACIONAL\"}}]}]}]}]}]} --><\/p>\n","protected":false},"excerpt":{"rendered":"<p>Consejo Estatal de Mejora Regulatoria Noviembre de 2021, Tlaxcala Por un gobierno m\u00e1s accesible INICIO DE ACTIVIDADES La gobernadora Lorena Cu\u00e9llar Cisneros encabez\u00f3 la instalaci\u00f3n y toma de protesta del Consejo Estatal de Mejora Regulatoria, el cual qued\u00f3 integrado por autoridades estatales y representantes de c\u00e1maras empresariales, de organismos p\u00fablicos, de instituciones educativas y municipios. [&hellip;]<\/p>\n","protected":false},"author":1,"featured_media":0,"parent":0,"menu_order":4,"comment_status":"closed","ping_status":"closed","template":"","meta":[],"_links":{"self":[{"href":"https:\/\/cemert.gob.mx\/index.php?rest_route=\/wp\/v2\/pages\/21"}],"collection":[{"href":"https:\/\/cemert.gob.mx\/index.php?rest_route=\/wp\/v2\/pages"}],"about":[{"href":"https:\/\/cemert.gob.mx\/index.php?rest_route=\/wp\/v2\/types\/page"}],"author":[{"embeddable":true,"href":"https:\/\/cemert.gob.mx\/index.php?rest_route=\/wp\/v2\/users\/1"}],"replies":[{"embeddable":true,"href":"https:\/\/cemert.gob.mx\/index.php?rest_route=%2Fwp%2Fv2%2Fcomments&post=21"}],"version-history":[{"count":12,"href":"https:\/\/cemert.gob.mx\/index.php?rest_route=\/wp\/v2\/pages\/21\/revisions"}],"predecessor-version":[{"id":351,"href":"https:\/\/cemert.gob.mx\/index.php?rest_route=\/wp\/v2\/pages\/21\/revisions\/351"}],"wp:attachment":[{"href":"https:\/\/cemert.gob.mx\/index.php?rest_route=%2Fwp%2Fv2%2Fmedia&parent=21"}],"curies":[{"name":"wp","href":"https:\/\/api.w.org\/{rel}","templated":true}]}}