{"id":328,"date":"2022-06-22T21:03:59","date_gmt":"2022-06-22T21:03:59","guid":{"rendered":"https:\/\/cemert.gob.mx\/?page_id=328"},"modified":"2022-06-22T21:16:03","modified_gmt":"2022-06-22T21:16:03","slug":"mensaje-del-vicepresidente-del-consejo","status":"publish","type":"page","link":"https:\/\/cemert.gob.mx\/?page_id=328","title":{"rendered":"Mensaje del Vicepresidente del Consejo"},"content":{"rendered":"<p>Mensaje de Vicepresidente<\/p>\n<p>Actualmente la competencia por atraer inversiones, motivar el emprendimiento y crear empleos es cada vez m\u00e1s intensa, no hay lugar para los requisitos excesivos y las complejidades burocr\u00e1ticas; gozar de regulaciones adecuadas y de las instituciones que la sustenten resulta clave para mejorar el clima de negocios, la percepci\u00f3n ciudadana del gobierno y el acceso a servicios y programas p\u00fablicos de primera necesidad.<br \/>\nLas regulaciones poco claras y la tramitolog\u00eda absurda afectan directamente a la econom\u00eda, particularmente en aspectos relacionados con decisiones de inversi\u00f3n, con el n\u00famero de empleados a contratar e incluso, el estar o no en el sector formal de la econom\u00eda.<br \/>\nTener regulaciones solidas es importante para obtener un sector productivo prospero, y que la prosperidad de dicho sector repercuta favorablemente en el desarrollo del Tlaxcala.<br \/>\nUn elemento indispensable para alcanzar regulaciones, tr\u00e1mites y servicios dise\u00f1ados para ser eficientes, accesibles a todo el que necesite recurrir a ello y de sencilla aplicaci\u00f3n, es sin lugar a duda la participaci\u00f3n de distintos sectores en su dise\u00f1o, implementaci\u00f3n y evaluaci\u00f3n, en ese sentido el Consejo Estatal de Mejora Regulatoria jugara un papel fundamental como \u00f3rgano de consulta y apoyo t\u00e9cnico, responsable de coordinar la pol\u00edtica estatal en materia de mejora regulatoria.<br \/>\nEn tiempos de crisis, los efectos da\u00f1inos de las cargas administrativas crecen de manera exponencial. Por ello, resulta necesario que la emisi\u00f3n de disposiciones administrativas y el proceso de mejora regulatoria sean un factor de seguridad y de reactivaci\u00f3n econ\u00f3mica.<br \/>\nEstoy convencido que la adopci\u00f3n de la mejora regulatoria ser\u00e1 una herramienta indispensable para contar con un gobierno m\u00e1s eficiente, que eviten el dispendio por medio de procesos simples y claros, por ende, brinde mejores servicios, reconstruya el v\u00ednculo de confianza entre las autoridades y los ciudadanos, elementos indispensables para lograr un crecimiento incluyente de la entidad, y a que las leyes y reglamentos que se emitan tengan un beneficio por encima del costo de cumplirlas.<br \/>\nMuchas gracias.<\/p>\n<p>Lic. Javier Marroqu\u00edn Calder\u00f3n\u00a0Vicepresidente del Consejo<\/p>\n<p><!-- {\"name\":\"\",\"type\":\"layout\",\"children\":[{\"name\":\"\",\"type\":\"section\",\"props\":{\"style\":\"default\",\"width\":\"default\",\"vertical_align\":\"middle\",\"title_position\":\"top-left\",\"title_rotation\":\"left\",\"title_breakpoint\":\"xl\",\"image_position\":\"center-center\",\"text_color\":\"\",\"width_expand\":\"\",\"height\":\"\",\"padding\":\"\",\"header_transparent\":\"\",\"animation\":\"\"},\"children\":[{\"name\":\"\",\"type\":\"row\",\"props\":{\"layout\":\"2-3,\",\"breakpoint\":\"m\",\"fixed_width\":\"large\",\"gutter\":\"\",\"width\":\"\",\"width_expand\":\"\",\"height\":\"\",\"margin\":\"\"},\"children\":[{\"name\":\"\",\"type\":\"column\",\"props\":{\"widths\":[\"2-3\"],\"image_position\":\"center-center\",\"media_overlay_gradient\":\"\",\"vertical_align\":\"\",\"style\":\"\",\"text_color\":\"\",\"padding\":\"\"},\"children\":[{\"name\":\"\",\"type\":\"image\",\"props\":{\"margin\":\"default\",\"link_target\":\"\",\"image_border\":\"rounded\",\"image_box_shadow\":\"xlarge\",\"image_hover_box_shadow\":\"\",\"image_box_decoration\":\"primary\",\"text_align\":\"\",\"text_align_breakpoint\":\"\",\"text_align_fallback\":\"\",\"maxwidth\":\"\",\"maxwidth_align\":\"\",\"maxwidth_breakpoint\":\"\",\"animation\":\"\",\"visibility\":\"\",\"image\":\"wp-content\\\/uploads\\\/Captura-de-pantalla-2022-06-22-a-las-15.52.31.png\",\"image_width\":\"\",\"image_box_decoration_inverse\":false}},{\"name\":\"\",\"type\":\"headline\",\"props\":{\"title_element\":\"h1\",\"title_style\":\"\",\"title_decoration\":\"\",\"title_color\":\"\",\"text_align\":\"\",\"text_align_breakpoint\":\"\",\"text_align_fallback\":\"\",\"maxwidth\":\"\",\"maxwidth_align\":\"\",\"maxwidth_breakpoint\":\"\",\"margin\":\"\",\"animation\":\"\",\"visibility\":\"\",\"content\":\"Mensaje de Vicepresidente\"}},{\"name\":\"\",\"type\":\"text\",\"props\":{\"margin\":\"default\",\"column_breakpoint\":\"m\",\"text_style\":\"\",\"text_color\":\"\",\"text_size\":\"\",\"column\":\"\",\"text_align\":\"\",\"text_align_breakpoint\":\"\",\"text_align_fallback\":\"\",\"maxwidth\":\"\",\"maxwidth_align\":\"\",\"maxwidth_breakpoint\":\"\",\"animation\":\"\",\"visibility\":\"\",\"content\":\"\n\n<p style=\\\"text-align: justify;\\\"><span style=\\\"color: #808080;\\\">Actualmente la competencia por atraer inversiones, motivar el emprendimiento y crear empleos es cada vez m\\u00e1s intensa, no hay lugar para los requisitos excesivos y las complejidades burocr\\u00e1ticas; gozar de regulaciones adecuadas y de las instituciones que la sustenten resulta clave para mejorar el clima de negocios, la percepci\\u00f3n ciudadana del gobierno y el acceso a servicios y programas p\\u00fablicos de primera necesidad. <\\\/span><\\\/p>\\n\n\n<p style=\\\"text-align: justify;\\\"><span style=\\\"color: #808080;\\\">Las regulaciones poco claras y la tramitolog\\u00eda absurda afectan directamente a la econom\\u00eda, particularmente en aspectos relacionados con decisiones de inversi\\u00f3n, con el n\\u00famero de empleados a contratar e incluso, el estar o no en el sector formal de la econom\\u00eda. <\\\/span><\\\/p>\\n\n\n<p style=\\\"text-align: justify;\\\"><span style=\\\"color: #808080;\\\">Tener regulaciones solidas es importante para obtener un sector productivo prospero, y que la prosperidad de dicho sector repercuta favorablemente en el desarrollo del Tlaxcala.<\\\/span><\\\/p>\\n\n\n<p style=\\\"text-align: justify;\\\"><span style=\\\"color: #808080;\\\">Un elemento indispensable para alcanzar regulaciones, tr\\u00e1mites y servicios dise\\u00f1ados para ser eficientes, accesibles a todo el que necesite recurrir a ello y de sencilla aplicaci\\u00f3n, es sin lugar a duda la participaci\\u00f3n de distintos sectores en su dise\\u00f1o, implementaci\\u00f3n y evaluaci\\u00f3n, en ese sentido el Consejo Estatal de Mejora Regulatoria jugara un papel fundamental como \\u00f3rgano de consulta y apoyo t\\u00e9cnico, responsable de coordinar la pol\\u00edtica estatal en materia de mejora regulatoria.<\\\/span><\\\/p>\\n\n\n<p style=\\\"text-align: justify;\\\"><span style=\\\"color: #808080;\\\">En tiempos de crisis, los efectos da\\u00f1inos de las cargas administrativas crecen de manera exponencial. Por ello, resulta necesario que la emisi\\u00f3n de disposiciones administrativas y el proceso de mejora regulatoria sean un factor de seguridad y de reactivaci\\u00f3n econ\\u00f3mica.<\\\/span><\\\/p>\\n\n\n<p style=\\\"text-align: justify;\\\"><span style=\\\"color: #808080;\\\">Estoy convencido que la adopci\\u00f3n de la mejora regulatoria ser\\u00e1 una herramienta indispensable para contar con un gobierno m\\u00e1s eficiente, que eviten el dispendio por medio de procesos simples y claros, por ende, brinde mejores servicios, reconstruya el v\\u00ednculo de confianza entre las autoridades y los ciudadanos, elementos indispensables para lograr un crecimiento incluyente de la entidad, y a que las leyes y reglamentos que se emitan tengan un beneficio por encima del costo de cumplirlas.<\\\/span><\\\/p>\\n\n\n<p style=\\\"text-align: justify;\\\"><span style=\\\"color: #808080;\\\">Muchas gracias.<\\\/span><\\\/p>\",\"dropcap\":true}}]},{\"name\":\"\",\"type\":\"column\",\"props\":{\"widths\":[\"\"],\"image_position\":\"center-center\",\"media_overlay_gradient\":\"\",\"vertical_align\":\"\",\"style\":\"\",\"text_color\":\"\",\"padding\":\"\"},\"children\":[{\"name\":\"\",\"type\":\"image\",\"props\":{\"margin\":\"default\",\"link_target\":\"\",\"image_border\":\"pill\",\"image_box_shadow\":\"\",\"image_hover_box_shadow\":\"\",\"image_box_decoration\":\"shadow\",\"text_align\":\"center\",\"text_align_breakpoint\":\"\",\"text_align_fallback\":\"\",\"maxwidth\":\"\",\"maxwidth_align\":\"\",\"maxwidth_breakpoint\":\"\",\"animation\":\"\",\"visibility\":\"\",\"image\":\"wp-content\\\/uploads\\\/277363497_154122927060577_2595096331183887418_n.jpg\",\"image_width\":\"250\"}},{\"name\":\"\",\"type\":\"social\",\"props\":{\"link_style\":\"\",\"gutter\":\"small\",\"margin\":\"default\",\"text_align\":\"right\",\"text_align_breakpoint\":\"\",\"text_align_fallback\":\"\",\"maxwidth\":\"\",\"maxwidth_align\":\"\",\"maxwidth_breakpoint\":\"\",\"animation\":\"\",\"visibility\":\"\",\"links\":[\"https:\\\/\\\/www.facebook.com\\\/JavierMarroquinCalderon\",\"https:\\\/\\\/twitter.com\\\/javiermarcal\",\"https:\\\/\\\/www.instagram.com\\\/javier.marroquincalderon\\\/\"]}},{\"name\":\"\",\"type\":\"text\",\"props\":{\"margin\":\"default\",\"column_breakpoint\":\"m\",\"text_style\":\"\",\"text_color\":\"\",\"text_size\":\"\",\"column\":\"\",\"text_align\":\"\",\"text_align_breakpoint\":\"\",\"text_align_fallback\":\"\",\"maxwidth\":\"\",\"maxwidth_align\":\"\",\"maxwidth_breakpoint\":\"\",\"animation\":\"\",\"visibility\":\"\",\"content\":\"\n\n<h5 style=\\\"text-align: center;\\\">Lic. Javier Marroqu\\u00edn Calder\\u00f3n<br \\\/><b>\\u00a0Vicepresidente del Consejo<\\\/b><\\\/h5>\"}}]}]}]}]} --><\/p>\n","protected":false},"excerpt":{"rendered":"<p>Mensaje de Vicepresidente Actualmente la competencia por atraer inversiones, motivar el emprendimiento y crear empleos es cada vez m\u00e1s intensa, no hay lugar para los requisitos excesivos y las complejidades burocr\u00e1ticas; gozar de regulaciones adecuadas y de las instituciones que la sustenten resulta clave para mejorar el clima de negocios, la percepci\u00f3n ciudadana del gobierno [&hellip;]<\/p>\n","protected":false},"author":1,"featured_media":0,"parent":0,"menu_order":0,"comment_status":"closed","ping_status":"closed","template":"","meta":[],"_links":{"self":[{"href":"https:\/\/cemert.gob.mx\/index.php?rest_route=\/wp\/v2\/pages\/328"}],"collection":[{"href":"https:\/\/cemert.gob.mx\/index.php?rest_route=\/wp\/v2\/pages"}],"about":[{"href":"https:\/\/cemert.gob.mx\/index.php?rest_route=\/wp\/v2\/types\/page"}],"author":[{"embeddable":true,"href":"https:\/\/cemert.gob.mx\/index.php?rest_route=\/wp\/v2\/users\/1"}],"replies":[{"embeddable":true,"href":"https:\/\/cemert.gob.mx\/index.php?rest_route=%2Fwp%2Fv2%2Fcomments&post=328"}],"version-history":[{"count":8,"href":"https:\/\/cemert.gob.mx\/index.php?rest_route=\/wp\/v2\/pages\/328\/revisions"}],"predecessor-version":[{"id":339,"href":"https:\/\/cemert.gob.mx\/index.php?rest_route=\/wp\/v2\/pages\/328\/revisions\/339"}],"wp:attachment":[{"href":"https:\/\/cemert.gob.mx\/index.php?rest_route=%2Fwp%2Fv2%2Fmedia&parent=328"}],"curies":[{"name":"wp","href":"https:\/\/api.w.org\/{rel}","templated":true}]}}